{"id":738,"date":"2015-04-11T13:06:46","date_gmt":"2015-04-11T13:06:46","guid":{"rendered":"https:\/\/villa-zen.net\/hr\/welness-point\/"},"modified":"2016-09-09T11:02:44","modified_gmt":"2016-09-09T11:02:44","slug":"wellness-point","status":"publish","type":"page","link":"https:\/\/villa-zen.net\/hr\/wellness-point\/","title":{"rendered":"Wellness point &#8211; Iznad duge (Over the rainbow)"},"content":{"rendered":"<div class=\"fusion-fullwidth fullwidth-box\" style=\"background-attachment:scroll;background-position:left top;background-repeat:no-repeat;-webkit-background-size:cover;-moz-background-size:cover;-o-background-size:cover;background-size:cover;border-color:#eae9e9;border-bottom-width: 0px;border-top-width: 0px;border-bottom-style: solid;border-top-style: solid;padding-bottom:80px;padding-left:0px;padding-right:0px;padding-top:20px;\"><div class=\"avada-row\">\n<h3 class=\"h3-center-naslovnica\">Kao \u0161to Alica u zemlji \u010dudesa sanja o tome kako \u0107e iza\u0107i iz ze\u010dje rupe u koju je upala, i dose\u0107i svijet o kojem sanja, tako i svi mi imamo svoje ze\u010dje rupe koje nas dr\u017ee uhva\u0107ene u zamke stresa, boli, strahova, samoograni\u010denja&#8230;. Ovdje sam da vam pomognem na putu ka lako\u0107i \u017eivljenja.<\/h3>\n<h3 class=\"h3-center-naslovnica\">Wellness point &#8211; Iznad duge (Over the rainbow)<\/h3>\n<p><img loading=\"lazy\" decoding=\"async\" class=\"aligncenter size-full wp-image-246\" src=\"https:\/\/villa-zen.net\/wp-content\/uploads\/2015\/04\/separator-11.png\" alt=\"separator-11\" width=\"205\" height=\"14\" \/><div class=\"fusion-sep-clear\"><\/div><div class=\"fusion-separator fusion-full-width-sep sep-none\" style=\"border-color:#e0dede;margin-top:0px;margin-bottom:80px;\"><\/div><div class=\"fusion-one-half one_half fusion-layout-column fusion-column spacing-yes\"><div class=\"fusion-column-wrapper\">\n<h3 class=\"h3-center-naslovnica\">Holizam kao put<\/h3>\n<p class=\"p-justify\">Dugogodi\u0161nja edukacija, iskustvo i vje\u010dna potraga za naju\u010dinkovitijim na\u010dinima pomo\u0107i u polju terapeutike za du\u0161u i tijelo pokazala su da promjene dolaze samo kada uva\u017eavamo svako ljudsko bi\u0107e kao cjelinu. Zajednicu fizi\u010dkog tijela u kojem stanuje du\u0161a koja se iskazuje mentalnim i emocionalnim izri\u010dajem i jedinstvenim psiholo\u0161kim funkcioniranjem. Samo uva\u017eavanjem svih tih aspekata i nje\u017enim radom na promjenama beskorisnih obrazaca mo\u017eemo doprinjeti lako\u0107i \u017eivljenja.<\/p>\n<p class=\"p-justify\">Tu sam za vas da budem pomo\u0107 i podr\u0161ka na va\u0161em putu.<\/p>\n<\/div><\/div><div class=\"fusion-one-half one_half fusion-layout-column fusion-column last spacing-yes\"><div class=\"fusion-column-wrapper\"><img loading=\"lazy\" decoding=\"async\" class=\"aligncenter size-full wp-image-325\" src=\"https:\/\/villa-zen.net\/wp-content\/uploads\/2015\/04\/welness_holism1.jpg\" alt=\"welness_holism1\" width=\"540\" height=\"324\" srcset=\"https:\/\/villa-zen.net\/wp-content\/uploads\/2015\/04\/welness_holism1.jpg 540w, https:\/\/villa-zen.net\/wp-content\/uploads\/2015\/04\/welness_holism1-300x180.jpg 300w\" sizes=\"auto, (max-width: 540px) 100vw, 540px\" \/><\/div><\/div><div class=\"fusion-clearfix\"><\/div><div class=\"fusion-sep-clear\"><\/div><div class=\"fusion-separator fusion-full-width-sep sep-none\" style=\"border-color:#e0dede;margin-top:0px;margin-bottom:80px;\"><\/div><div class=\"fusion-one-half one_half fusion-layout-column fusion-column spacing-yes\"><div class=\"fusion-column-wrapper\"><div class=\"fusion-slider-sc flexslider\" style=\"max-width:100%;height:auto;\"><ul class=\"slides\"><li class=\"image\"><img decoding=\"async\" src=\"https:\/\/villa-zen.net\/wp-content\/uploads\/2015\/04\/masaza_02_dsc06442.jpg\" \/><\/li><li class=\"image\"><img decoding=\"async\" src=\"https:\/\/villa-zen.net\/wp-content\/uploads\/2015\/04\/welness_holism21.jpg\" \/><\/li><li class=\"image\"><img decoding=\"async\" src=\"https:\/\/villa-zen.net\/wp-content\/uploads\/2015\/04\/masaza_01_dsc05615.jpg\" \/><\/li><li class=\"image\"><img decoding=\"async\" src=\"https:\/\/villa-zen.net\/wp-content\/uploads\/2015\/04\/masaza_03_dsc07069.jpg\" \/><\/li><\/ul><\/div><\/div><\/div><div class=\"fusion-one-half one_half fusion-layout-column fusion-column last spacing-yes\"><div class=\"fusion-column-wrapper\">\n<p class=\"p-justify\">Mo\u017eda se radi o samo jednom tretmanu ili cijelom programu koji stvaramo zajedno, zavisno od va\u0161ih problema i ciljeva koje \u017eelite ostvariti, a u ostvarenju cilja pomo\u0107i \u0107e:<\/p>\n<ul class=\"lista-bullet\">\n<li>Aromaterapija \/aromamasa\u017ea<\/li>\n<li>Quantum toutch<\/li>\n<li>EFT \u2013 tehnika emocionalne slobode<\/li>\n<li>BARS \u2013 osnovna tehnika Access conciousness-a ili neka od naprednih tehnika<\/li>\n<li>Fraktali \u2013 art terapija<\/li>\n<li>Razgovori \/ savjetovanja<\/li>\n<\/ul>\n<\/div><\/div><div class=\"fusion-clearfix\"><\/div><\/div><\/div><div class=\"fusion-fullwidth fullwidth-box\" style=\"background-attachment:fixed;background-image: url(https:\/\/villa-zen.net\/wp-content\/uploads\/2015\/04\/welness_velika.jpg);background-position:left top;background-repeat:no-repeat;-webkit-background-size:cover;-moz-background-size:cover;-o-background-size:cover;background-size:cover;border-color:#eae9e9;border-bottom-width: 0px;border-top-width: 0px;border-bottom-style: solid;border-top-style: solid;padding-bottom:80px;padding-left:0px;padding-right:0px;padding-top:80px;\"><div class=\"avada-row\">\n<h3 class=\"h3-center-naslovnica paralax\">Za\u0161to toliko razli\u010ditih tehnika kad je svaka od njih toliko u\u010dinkovita? Svaka od tih tehnika do\u0161la je u moj \u017eivot u nekom klju\u010dnom trenutku i odmah pokazala svoje mogu\u0107nosti i djelotvornost.  Ponekad do\u0111ete do to\u010dke kad se \u010dini da ste se zaglavili u situaciji, trenutku, kad vam se \u010dini da ni\u0161ta ne poma\u017ee. Ba\u0161 zbog takvih situacija dobro je imati \u201ejo\u0161 nekog asa u rukavu\u201c. Osim toga, toliko je razli\u010ditih ljudi i situacija na tom svijetu da bi bilo neobi\u010dno da postoji univerzalni \u201elijek\u201c.<\/h3>\n<\/div><\/div><div class=\"fusion-fullwidth fullwidth-box\" style=\"background-attachment:scroll;background-position:left top;background-repeat:no-repeat;-webkit-background-size:cover;-moz-background-size:cover;-o-background-size:cover;background-size:cover;border-color:#eae9e9;border-bottom-width: 0px;border-top-width: 0px;border-bottom-style: solid;border-top-style: solid;padding-bottom:80px;padding-left:0px;padding-right:0px;padding-top:80px;\"><div class=\"avada-row\"><div class=\"fusion-one-half one_half fusion-layout-column fusion-column spacing-yes\"><div class=\"fusion-column-wrapper\" style=\"padding:25px 0 0 0;\"><img loading=\"lazy\" decoding=\"async\" class=\"aligncenter size-full wp-image-335\" src=\"https:\/\/villa-zen.net\/wp-content\/uploads\/2015\/04\/aromatherapy.jpg\" alt=\"aromatherapy\" width=\"540\" height=\"515\" srcset=\"https:\/\/villa-zen.net\/wp-content\/uploads\/2015\/04\/aromatherapy.jpg 540w, https:\/\/villa-zen.net\/wp-content\/uploads\/2015\/04\/aromatherapy-300x286.jpg 300w, https:\/\/villa-zen.net\/wp-content\/uploads\/2015\/04\/aromatherapy-52x50.jpg 52w\" sizes=\"auto, (max-width: 540px) 100vw, 540px\" \/><\/div><\/div><div class=\"fusion-one-half one_half fusion-layout-column fusion-column last spacing-yes\"><div class=\"fusion-column-wrapper\">\n<h3 class=\"h3-center-naslovnica\">Za\u0161to AROMATERAPIJA?<\/h3>\n<p><img loading=\"lazy\" decoding=\"async\" class=\"aligncenter size-full wp-image-250\" src=\"https:\/\/villa-zen.net\/wp-content\/uploads\/2015\/04\/separator-12.png\" alt=\"separator-12\" width=\"270\" height=\"14\" \/><\/p>\n<ul class=\"lista-bullet\">\n<li>Svoju mo\u0107 svjedo\u010di ve\u0107 vi\u0161e od 5000 godina<\/li>\n<li>Kako je Hipokrat rekao: \u201ePut do zdravlja vodi kroz svakodnevnu aromakupku i aromamasa\u017eu\u201c<\/li>\n<li>Zato \u0161to eteri\u010dna ulja djeluju na sve nivoe na\u0161eg bi\u0107a: fizi\u010dko, emocionalno,mentalno i duhovno<\/li>\n<\/ul>\n<p class=\"p-justify\">Moj interes za bilje, a pogotovo ljekovito traje od ranog djetinjstva. I onda kasnije u moj su \u017eivot u\u0161la eteri\u010dna ulja. Ulja, koja su \u010dista sr\u017e, du\u0161a ljekovitog bilja, uhva\u0107ena u bo\u010dicu za dobrobit ljudskog zdravlja. Eteri\u010dna su ulja istovremeno i mo\u0107na i nje\u017ena.<\/p>\n<p class=\"p-justify\">Od kako se dru\u017eim s eteri\u010dnim uljima, ona su dostojno zamijenila alopatske ljekove u mojoj obitelji. Od kada traje moje dru\u017eenje s eteri\u010dnim uljima sve manje se dru\u017eimo s bolestima.<\/p>\n<p class=\"p-justify\">\u017delja mi je sva ta znanja podijeliti s ljudima. Svima koji tragaju za prirodnim na\u010dinima \u017eivljenja i balansiranja zdravlja, svima koji pate od kroni\u010dnog stresa i njegovih posljedica, sveznalicama i neznalicama u svijetu eteri\u010dnih ulja.<\/p>\n<\/div><\/div><div class=\"fusion-clearfix\"><\/div><div class=\"fusion-sep-clear\"><\/div><div class=\"fusion-separator fusion-full-width-sep sep-none\" style=\"border-color:#e0dede;margin-top:0px;margin-bottom:80px;\"><\/div><div class=\"fusion-one-half one_half fusion-layout-column fusion-column spacing-yes\"><div class=\"fusion-column-wrapper\">\n<h3 class=\"h3-center-naslovnica\">Za\u0161to QUANTUM TOUCH?<\/h3>\n<p><img loading=\"lazy\" decoding=\"async\" class=\"aligncenter size-full wp-image-253\" src=\"https:\/\/villa-zen.net\/wp-content\/uploads\/2015\/04\/separator-13.png\" alt=\"separator-13\" width=\"290\" height=\"14\" \/><\/p>\n<p class=\"p-justify\">To je tehnika koja kvalitetne promjene donosi svjesnim disanjem terapeuta. Dah je  najva\u017eniji za na\u0161e \u017eivljenje. Od borbe za prvi udah pa do posljednjeg daha ne brinemo o na\u0161em disanju, \u0161to donosi mnoge problem.\n<\/p>\n<p class=\"p-justify\">Quantum touch  je jako u\u010dinkovit. Ovom tehnikom terapeut svijesnim disanjem dobre vibracije osloba\u0111anja od stresa, boli, problema prenosi na osobu s kojom radi.\n<\/p>\n<p class=\"p-justify\">QT se mo\u017ee koristiti samostalno ili u kombinaciji s bilo kojom drugom tehnikom, a u moj \u017eivot je u\u0161ao kada sam osobno imala izazov iscjeljivanja koje je proteklo u rekordnom roku\n<\/p>\n<\/div><\/div><div class=\"fusion-one-half one_half fusion-layout-column fusion-column last spacing-yes\"><div class=\"fusion-column-wrapper\" style=\"padding:20px 0 0 0;\"><img loading=\"lazy\" decoding=\"async\" class=\"aligncenter size-full wp-image-334\" src=\"https:\/\/villa-zen.net\/wp-content\/uploads\/2015\/04\/quantum_touch.jpg\" alt=\"quantum_touch\" width=\"540\" height=\"324\" srcset=\"https:\/\/villa-zen.net\/wp-content\/uploads\/2015\/04\/quantum_touch.jpg 540w, https:\/\/villa-zen.net\/wp-content\/uploads\/2015\/04\/quantum_touch-300x180.jpg 300w\" sizes=\"auto, (max-width: 540px) 100vw, 540px\" \/><\/div><\/div><div class=\"fusion-clearfix\"><\/div><div class=\"fusion-sep-clear\"><\/div><div class=\"fusion-separator fusion-full-width-sep sep-none\" style=\"border-color:#e0dede;margin-top:0px;margin-bottom:80px;\"><\/div><div class=\"fusion-one-half one_half fusion-layout-column fusion-column spacing-yes\"><div class=\"fusion-column-wrapper\">\n<h3 class=\"h3-center-naslovnica\">Za\u0161to BARS \/ACCESS CONCIOUSNESS?<\/h3>\n<p><img loading=\"lazy\" decoding=\"async\" class=\"aligncenter size-full wp-image-29\" src=\"https:\/\/villa-zen.net\/wp-content\/uploads\/2015\/04\/separator-2.png\" alt=\"separator-2\" width=\"479\" height=\"14\" srcset=\"https:\/\/villa-zen.net\/wp-content\/uploads\/2015\/04\/separator-2.png 479w, https:\/\/villa-zen.net\/wp-content\/uploads\/2015\/04\/separator-2-300x9.png 300w, https:\/\/villa-zen.net\/wp-content\/uploads\/2015\/04\/separator-2-460x14.png 460w\" sizes=\"auto, (max-width: 479px) 100vw, 479px\" \/><\/p>\n<p>Consciousness is ability to be present in your life in every moment, without judgment of you or anyone else. It is the ability to receive everything, reject nothing, and create everything you desire in life \u2013 greater than what you currently have, and more than what you can imagine.<\/p>\n<p>We can begin to set ourselves free by reminding ourselves that everything we think, feel, believe, judge or have decided is just an interesting point of view.<\/p>\n<p>Bars are the basic technique of \u00a0Access Consciousness. It is about 32 points on the head where are stored all our beliefs related to various environmental topics, such as joy, sadness, aging, healing, money, control, communication, creativity, peace, kindness, gratitude &#8230;&#8230;. . With gently touching these points are released blockages, the electromagnetic charges and therefore all of our estimates, judgments, conclusions, thoughts, emotions &#8230;.. related to that particular topic.<\/p>\n<p>Tretmani BARSa osloba\u0111aju od samonametnutih okvira. Djeluju duboko relaksiraju\u0107e, poti\u010du svjesnost, mijenja na\u0161e to\u010dke gledi\u0161ta \u0161to omogu\u0107uje \u017eivot u lako\u0107i I radosti.<\/p>\n<p>Founder: Gary Douglas<\/div><\/div><div class=\"fusion-one-half one_half fusion-layout-column fusion-column last spacing-yes\"><div class=\"fusion-column-wrapper\">\n<h3 class=\"h3-center-naslovnica\">Za\u0161to EFT?<\/h3>\n<p><img loading=\"lazy\" decoding=\"async\" class=\"aligncenter size-full wp-image-107\" src=\"https:\/\/villa-zen.net\/wp-content\/uploads\/2015\/04\/separator-6.png\" alt=\"separator-6\" width=\"116\" height=\"14\" \/><\/p>\n<p>EFT odnosno emotional freedom technique (tehnika emocionalne slobode) je mudra kombinacija znanja drevne kineske medicine (akupunkture) i psihologije. Primjenjiv je u svakoj prilici, a spektar djelovanja jako je \u0161irok i djeluje brzo. Nema akupunkturnih igala. Osloba\u0111a nas straha, stresa, traumi, boli, poti\u010de nas u ostvarenju ciljeva.<\/p>\n<p>EFT was originally designed to overhoul the psychotherapy profession. Fortunately, that goal has been reached as EFT has dramaticlally reduced therapy time from months or years down to minutes or hours.<\/p>\n<p>Thus it is no wonder that EFT produces benefites where the medical proffesion has thrown up its hands. The reason is simply becouse we are talking aim at causes that other have largely disregarded.<\/p>\n<p>Founder: Gary Craig<\/div><\/div><div class=\"fusion-clearfix\"><\/div><div class=\"fusion-sep-clear\"><\/div><div class=\"fusion-separator fusion-full-width-sep sep-none\" style=\"border-color:#e0dede;margin-top:0px;margin-bottom:80px;\"><\/div><div class=\"fusion-one-half one_half fusion-layout-column fusion-column spacing-yes\"><div class=\"fusion-column-wrapper\">\n<h3 class=\"h3-center-naslovnica\">Za\u0161to razgovori\/savjetovanja?<\/h3>\n<p><img loading=\"lazy\" decoding=\"async\" class=\"aligncenter size-full wp-image-250\" src=\"https:\/\/villa-zen.net\/wp-content\/uploads\/2015\/04\/separator-12.png\" alt=\"separator-12\" width=\"270\" height=\"14\" \/><\/p>\n<p class=\"p-justify\">Razgovor osnova komunikacije. Razgovor osloba\u0111a. Moja edukacija na polju terapeutike zapo\u010dela je studijem Transakcijske analize. Pomoglo je meni, za\u0161to ne bi i vama?<\/p>\n<p class=\"p-justify\">Sve te tenike i znanja ponekad se nevidljivo ispreple\u0107u za potrebe najboljeg rezultata. Sve se splelo u neki moj jedinstveni rad. Naravno, vodilja je uvijek ista. Jedinstveni pristup svakoj pojedinoj osobi.<\/p>\n<p class=\"p-justify\">Coaching work &#8211; combination of education in the field of therapeutics and life experience has shown good results in the work on improving the quality of life of many clients.<\/p>\n<\/div><\/div><div class=\"fusion-one-half one_half fusion-layout-column fusion-column last spacing-yes\"><div class=\"fusion-column-wrapper\">\n<h3 class=\"h3-center-naslovnica\">Za\u0161to FRAKTALI?<\/h3>\n<p><img loading=\"lazy\" decoding=\"async\" class=\"aligncenter size-full wp-image-118\" src=\"https:\/\/villa-zen.net\/wp-content\/uploads\/2015\/04\/separator-7.png\" alt=\"separator-7\" width=\"190\" height=\"14\" srcset=\"https:\/\/villa-zen.net\/wp-content\/uploads\/2015\/04\/separator-7.png 190w, https:\/\/villa-zen.net\/wp-content\/uploads\/2015\/04\/separator-7-180x14.png 180w, https:\/\/villa-zen.net\/wp-content\/uploads\/2015\/04\/separator-7-177x14.png 177w\" sizes=\"auto, (max-width: 190px) 100vw, 190px\" \/><\/p>\n<p class=\"p-justify\">Fraktali su jedna vrlo vesela, opu\u0161taju\u0107a i kreativna tehnika. Mo\u017eemo ih ubrojati u kategoriju art terapije. Povezuju s na\u0161om podsvjesti, daju uvid i u na\u0161u pro\u0161lost,  te  mijenjaju na\u0161 stav prema njoj. Crtanjem fraktala mo\u017eemo mijenjati na\u0161 na\u010din funkcioniranja. Promjenom na\u0161ih stavova otvaramo  na\u0161 potencijal samoiscjeljenja. Oni poti\u010du na\u0161u kreativnost, osloba\u0111aju na\u0161e potencijale, povezuju nas s djetetom u nama.<\/p>\n<\/div><\/div><div class=\"fusion-clearfix\"><\/div><div class=\"fusion-sep-clear\"><\/div><div class=\"fusion-separator fusion-full-width-sep sep-none\" style=\"border-color:#e0dede;margin-top:0px;margin-bottom:80px;\"><\/div><\/div><\/div><div class=\"fusion-fullwidth fullwidth-box\" style=\"background-attachment:fixed;background-image: url(https:\/\/villa-zen.net\/wp-content\/uploads\/2015\/04\/paralax-2-1125px.jpg);background-position:left top;background-repeat:no-repeat;-webkit-background-size:cover;-moz-background-size:cover;-o-background-size:cover;background-size:cover;border-color:#eae9e9;border-bottom-width: 0px;border-top-width: 0px;border-bottom-style: solid;border-top-style: solid;padding-bottom:80px;padding-left:0px;padding-right:0px;padding-top:80px;\"><div class=\"avada-row\">\n<h3 class=\"h3-center-naslovnica paralax\">Find out more about treatment participation and workshops<\/h3>\n<div class=\"aligncenter\"><style type=\"text\/css\">#wrapper .fusion-button.button-1{text-shadow:none;-webkit-box-shadow:none;-moz-box-shadow:none;box-shadow: none;border-width:2px;color:#ffffff;border-color:#ffffff;}#wrapper .fusion-button.button-1:hover,.fusion-button.button-1:focus,.fusion-button.button-1:active{border-width:2px;border-color:#ffffff;color:#ffffff;}#wrapper .fusion-button.button-1{background: transparent;}#wrapper .fusion-button.button-1:hover,.button-1:focus,.fusion-button.button-1:active{background: #696cb3;}<\/style><a class=\"button large button custom fusion-button button-flat button-square button-large button-custom button-1 buttonshadow-no button-naslovnica-1\" target=\"_self\" href=\"https:\/\/villa-zen.net\/hr\/participacije-tretmana-i-radionice\/\"><span class=\"fusion-button-text\">Find out more details and prices<\/span><\/a><\/div><\/div><\/div>\n","protected":false},"excerpt":{"rendered":"","protected":false},"author":1,"featured_media":0,"parent":0,"menu_order":0,"comment_status":"open","ping_status":"closed","template":"100-width.php","meta":{"footnotes":""},"class_list":["post-738","page","type-page","status-publish","hentry"],"_links":{"self":[{"href":"https:\/\/villa-zen.net\/hr\/wp-json\/wp\/v2\/pages\/738","targetHints":{"allow":["GET"]}}],"collection":[{"href":"https:\/\/villa-zen.net\/hr\/wp-json\/wp\/v2\/pages"}],"about":[{"href":"https:\/\/villa-zen.net\/hr\/wp-json\/wp\/v2\/types\/page"}],"author":[{"embeddable":true,"href":"https:\/\/villa-zen.net\/hr\/wp-json\/wp\/v2\/users\/1"}],"replies":[{"embeddable":true,"href":"https:\/\/villa-zen.net\/hr\/wp-json\/wp\/v2\/comments?post=738"}],"version-history":[{"count":12,"href":"https:\/\/villa-zen.net\/hr\/wp-json\/wp\/v2\/pages\/738\/revisions"}],"predecessor-version":[{"id":988,"href":"https:\/\/villa-zen.net\/hr\/wp-json\/wp\/v2\/pages\/738\/revisions\/988"}],"wp:attachment":[{"href":"https:\/\/villa-zen.net\/hr\/wp-json\/wp\/v2\/media?parent=738"}],"curies":[{"name":"wp","href":"https:\/\/api.w.org\/{rel}","templated":true}]}}