{"id":732,"date":"2015-04-11T13:04:53","date_gmt":"2015-04-11T13:04:53","guid":{"rendered":"https:\/\/villa-zen.net\/hr\/home\/"},"modified":"2016-07-21T13:20:46","modified_gmt":"2016-07-21T13:20:46","slug":"home","status":"publish","type":"page","link":"https:\/\/villa-zen.net\/hr\/","title":{"rendered":"Naslovnica"},"content":{"rendered":"<div class=\"fusion-fullwidth fullwidth-box\" style=\"background-attachment:scroll;background-position:left top;background-repeat:no-repeat;-webkit-background-size:cover;-moz-background-size:cover;-o-background-size:cover;background-size:cover;border-color:#eae9e9;border-bottom-width: 0px;border-top-width: 0px;border-bottom-style: solid;border-top-style: solid;padding-bottom:140px;padding-left:0px;padding-right:0px;padding-top:20px;\"><div class=\"avada-row\">\n<h3 class=\"h3-center-naslovnica\">Ako ste umorni od buke, jurnjave, gu\u017eve, ako stres i \u017eurba svakodnevice slamaju Va\u0161e tijelo i du\u0161u, do\u0161li ste na mjesto gdje mo\u017eete vratiti svoj mir, radost i revitalizirati tijelo.<\/h3>\n<h3 class=\"h3-center-naslovnica\">DOBRO DO\u0160LI U VILLU ZEN!<\/h3>\n<p><img loading=\"lazy\" decoding=\"async\" class=\"aligncenter size-full wp-image-18\" src=\"https:\/\/villa-zen.net\/wp-content\/uploads\/2015\/04\/separator-1.png\" alt=\"separator-1\" width=\"302\" height=\"14\" srcset=\"https:\/\/villa-zen.net\/wp-content\/uploads\/2015\/04\/separator-1.png 302w, https:\/\/villa-zen.net\/wp-content\/uploads\/2015\/04\/separator-1-300x14.png 300w\" sizes=\"auto, (max-width: 302px) 100vw, 302px\" \/><div class=\"fusion-one-half one_half fusion-layout-column fusion-column spacing-yes\"><div class=\"fusion-column-wrapper\" style=\"padding:120px 0 0 0;\"><img loading=\"lazy\" decoding=\"async\" class=\"aligncenter size-full wp-image-355\" src=\"https:\/\/villa-zen.net\/wp-content\/uploads\/2015\/04\/kuca-2.png\" alt=\"kuca-2\" width=\"510\" height=\"265\" srcset=\"https:\/\/villa-zen.net\/wp-content\/uploads\/2015\/04\/kuca-2.png 510w, https:\/\/villa-zen.net\/wp-content\/uploads\/2015\/04\/kuca-2-300x156.png 300w\" sizes=\"auto, (max-width: 510px) 100vw, 510px\" \/><\/div><\/div><div class=\"fusion-one-half one_half fusion-layout-column fusion-column last spacing-yes\"><div class=\"fusion-column-wrapper\" style=\"padding:120px 0 0 0;\">\n<p class=\"p-justify\"><strong>Villa Zen<\/strong> smjestila se u tihom kutu ju\u017ene obale otoka Kor\u010dule, u malom ribarskom selu Gr\u0161\u0107ici izme\u0111u Blata i Pri\u017ebe. Zaklonjena od prometa i buke, zaogrnuta mirom i mirisom borova, maslina, mediteranskih trava i tirkiznog mora, gdje ti\u0161inu paraju neumorni cvr\u010dci i poneki ribar koji svojom brodicom odlazi na more.<br \/>\n<strong>Villa Zen<\/strong> nalazi se na samoj obali mora. S na\u0161ih terasa pogled se\u017ee na pu\u010dinu i Lastovo u daljini. Ku\u0107a je gra\u0111ena kamenom, u duhu tradicijskih dalmatinskih ku\u0107a, a terasasti vrtovi kite se maslinama, agrumima, smokvama, roga\u010dima, mirisnim mediteranskim biljem i povr\u0107em. Tako i na\u0161i apartmani nose imena bilja koje im se nalazi u neposrednoj blizini. Lavanda, Smilje i Maslina.<\/p>\n<\/div><\/div><div class=\"fusion-clearfix\"><\/div><\/div><\/div><div class=\"fusion-fullwidth fullwidth-box hundred-percent-fullwidth paralax\" style=\"background-attachment:fixed;background-image: url(https:\/\/villa-zen.net\/wp-content\/uploads\/2015\/04\/paralax-1-1125px.jpg);background-position:center bottom;background-repeat:no-repeat;-webkit-background-size:cover;-moz-background-size:cover;-o-background-size:cover;background-size:cover;border-color:#eae9e9;border-bottom-width: 0px;border-top-width: 0px;border-bottom-style: solid;border-top-style: solid;padding-bottom:120px;padding-left:0px;padding-right:0px;padding-top:120px;\"><div class=\"avada-row\">\n<h3 class=\"h3-center-naslovnica paralax\">Mo\u017eete li zamisliti bolje mjesto za odmor?<\/h3>\n<div class=\"aligncenter\"><style type=\"text\/css\">#wrapper .fusion-button.button-1{text-shadow:none;-webkit-box-shadow:none;-moz-box-shadow:none;box-shadow: none;border-width:2px;color:#ffffff;border-color:#ffffff;}#wrapper .fusion-button.button-1:hover,.fusion-button.button-1:focus,.fusion-button.button-1:active{border-width:2px;border-color:#ffffff;color:#ffffff;}#wrapper .fusion-button.button-1{background: transparent;}#wrapper .fusion-button.button-1:hover,.button-1:focus,.fusion-button.button-1:active{background: #696cb3;}<\/style><a class=\"button large button custom fusion-button button-flat button-square button-large button-custom button-1 buttonshadow-no button-naslovnica-1\" target=\"_self\" href=\"https:\/\/villa-zen.net\/hr\/kontakt\/\"><span class=\"fusion-button-text\">Pridru\u017eite nam se u Villi Zen!<\/span><\/a><\/div><\/div><\/div><div class=\"fusion-fullwidth fullwidth-box\" style=\"background-attachment:scroll;background-position:left top;background-repeat:no-repeat;-webkit-background-size:cover;-moz-background-size:cover;-o-background-size:cover;background-size:cover;border-color:#eae9e9;border-bottom-width: 0px;border-top-width: 0px;border-bottom-style: solid;border-top-style: solid;padding-bottom:120px;padding-left:0px;padding-right:0px;padding-top:160px;\"><div class=\"avada-row\"><div class=\"fusion-one-half one_half fusion-layout-column fusion-column spacing-yes\"><div class=\"fusion-column-wrapper\" style=\"padding:0 0 35px 0;\">\n<p class=\"p-justify\">Pla\u017ea je neposredno ispred ku\u0107e, samo za goste Ville Zen. Dva mola s mogu\u0107no\u0161\u0107u veza brodica, terase s le\u017ealjkama i stoli\u0107ima za dru\u0161tvene igre, klupe u sjeni borova, sve ovo omogu\u0107ava Vam da se mo\u017eete dru\u017eiti ili pak nesmetano odmarati i u potpunosti u\u017eivati.<\/p>\n<p class=\"p-justify\">Posebna ponuda Ville Zen je na\u0161 Wellness point gdje mo\u017eete iskusiti sve dobrobiti aromaterapije, energoterapije, art terapije, i mnogih drugih tehnika u slu\u017ebi osloba\u0111anja od stresa i pobolj\u0161anja kvalitete \u017eivljenja.<\/p>\n<p class=\"p-justify\">Komin (ro\u0161tilj) u prekrasnom ambijentu jednog od vrtova. Terasa s lo\u017eom za objedovanje te naravno nezaboravan pogled na more, za sve goste Ville Zen.<\/p>\n<\/div><\/div><div class=\"fusion-one-half one_half fusion-layout-column fusion-column last spacing-yes\"><div class=\"fusion-column-wrapper\" style=\"padding:0 0 35px 0;\"><div class=\"fusion-slider-sc flexslider\" style=\"max-width:100%;height:auto;\"><ul class=\"slides\"><li class=\"image\"><img decoding=\"async\" src=\"https:\/\/villa-zen.net\/wp-content\/uploads\/2015\/04\/plaza-1.png\" \/><\/li><li class=\"image\"><img decoding=\"async\" src=\"https:\/\/villa-zen.net\/wp-content\/uploads\/2015\/04\/kuca-1.jpg\" \/><\/li><li class=\"image\"><img decoding=\"async\" src=\"https:\/\/villa-zen.net\/wp-content\/uploads\/2015\/04\/naslovna_mali_slider.jpg\" \/><\/li><\/ul><\/div><\/div><\/div><div class=\"fusion-clearfix\"><\/div>\n<h3 class=\"h3-center-naslovnica\">Po \u010demu je Villa Zen jedinstvena?<\/h3>\n<p><img loading=\"lazy\" decoding=\"async\" class=\"aligncenter size-full wp-image-29\" src=\"https:\/\/villa-zen.net\/wp-content\/uploads\/2015\/04\/separator-2.png\" alt=\"separator-2\" width=\"479\" height=\"14\" srcset=\"https:\/\/villa-zen.net\/wp-content\/uploads\/2015\/04\/separator-2.png 479w, https:\/\/villa-zen.net\/wp-content\/uploads\/2015\/04\/separator-2-300x9.png 300w, https:\/\/villa-zen.net\/wp-content\/uploads\/2015\/04\/separator-2-460x14.png 460w\" sizes=\"auto, (max-width: 479px) 100vw, 479px\" \/><div class=\"fusion-sep-clear\"><\/div><div class=\"fusion-separator fusion-full-width-sep sep-none\" style=\"border-color:#e0dede;margin-top:0px;margin-bottom:15px;\"><\/div>\n<p class=\"h3-center-naslovnica\">Za one \u017eeljne aktivnog odmora nudimo najam dva kajaka. U blizini mo\u017eete poha\u0111ati \u0161kolu ronjenja i wind surfig-a, a postoji i mogu\u0107nost najma \u010damaca te organizirani izleti ribarskom brodicom. \u010citava okolica mami na \u0161etnje i biciklisti\u010dke ture, jer je otok Kor\u010dula otok bogate povijesti, raznolikosti, te nadahnu\u0107e za izlete i istra\u017eivanja.<\/p>\n<div class=\"aligncenter\"><style type=\"text\/css\">#wrapper .fusion-button.button-2{text-shadow:none;-webkit-box-shadow:none;-moz-box-shadow:none;box-shadow: none;border-width:2px;color:#ffffff;border-color:#ffffff;}#wrapper .fusion-button.button-2:hover,.fusion-button.button-2:focus,.fusion-button.button-2:active{border-width:2px;border-color:#696cb3;color:#696cb3;}#wrapper .fusion-button.button-2{background: #696cb3;}#wrapper .fusion-button.button-2:hover,.button-2:focus,.fusion-button.button-2:active{background: #FFFFFF;}<\/style><a class=\"button large button custom fusion-button button-flat button-square button-large button-custom button-2 buttonshadow-no button-naslovnica-1\" target=\"_self\" href=\"https:\/\/villa-zen.net\/kviz\/\"><span class=\"fusion-button-text\">Saznajte vi\u0161e<\/span><\/a><\/div><\/div><\/div><div class=\"fusion-fullwidth fullwidth-box hundred-percent-fullwidth paralax\" style=\"background-attachment:fixed;background-image: url(https:\/\/villa-zen.net\/wp-content\/uploads\/2015\/04\/paralax-2-1125px.jpg);background-position:center bottom;background-repeat:no-repeat;-webkit-background-size:cover;-moz-background-size:cover;-o-background-size:cover;background-size:cover;border-color:#eae9e9;border-bottom-width: 0px;border-top-width: 0px;border-bottom-style: solid;border-top-style: solid;padding-bottom:0px;padding-left:0px;padding-right:0px;padding-top:0px;\"><div class=\"avada-row\">\t\t\t<div class=\"fusion-slider-container full-width-slider \" style=\"height: 600px; max-width: 100%;\">\n\t\t\t\t<div class=\"tfs-slider flexslider main-flex full-width-slider\" data-slider_width=\"100%\" data-slider_height=\"600px\" data-full_screen=\"0\" data-parallax=\"1\" data-nav_arrows=\"0\" data-pagination_circles=\"0\" data-autoplay=\"1\" data-loop=\"0\" data-animation=\"fade\" data-slideshow_speed=\"7000\" data-animation_speed=\"600\" style=\"max-width: 100%;\">\n\t\t\t\t\t<ul class=\"slides\" style=\"width:100%;\">\n\t\t\t\t\t\t\t\t\t\t\t\t<li data-mute=\"yes\" data-loop=\"no\" data-autoplay=\"no\">\n\t\t\t\t\t\t\t<div class=\"slide-content-container slide-content-center\">\n\t\t\t\t\t\t\t\t<div class=\"slide-content\">\n\t\t\t\t\t\t\t\t\t\t\t\t\t\t\t\t\t\t\t\t\t\t\t\t\t\t\t\t\t\t\t\t\t\t\t\t<div class=\"buttons animated fadeInUp\" data-animationtype=\"fadeInUp\" data-animationduration=\"1\">\n\t\t\t\t\t\t\t\t\t\t\t\t\t\t\t\t\t\t\t<\/div>\n\t\t\t\t\t\t\t\t\t\t\t\t\t\t\t\t\t<\/div>\n\t\t\t\t\t\t\t<\/div>\n\t\t\t\t\t\t\t\t\t\t\t\t\t\t\t\t\t\t\t\t\t\t\t\t\t\t\t\t<div class=\"background \" style=\"width:100%;height:600px;\" data-imgwidth=\"\">\n\t\t\t\t\t\t\t\t\t\t\t\t\t\t\t\t\t\t\t\t\t\t\t\t \t\t\t\t\t\t\t\t <div style=\"position: absolute; top: 0; left: 0; z-index: -99; width: 100%; height: 100%\">\n\t\t\t\t\t\t\t\t\t<iframe loading=\"lazy\" src=\"https:\/\/player.vimeo.com\/video\/118131422?title=0&amp;byline=0&amp;portrait=0&amp;color=ffffff&amp;badge=0&amp;title=0\" height=\"100%\" width=\"100%\" frameborder=\"0\" webkitallowfullscreen mozallowfullscreen allowfullscreen><\/iframe>\n\t\t\t\t\t\t\t\t<\/div>\n\t\t\t\t\t\t\t\t\t\t\t\t\t\t\t<\/div>\n\t\t\t\t\t\t<\/li>\n\t\t\t\t\t\t\t\t\t\t\t<\/ul>\n\t\t\t\t<\/div>\n\t\t\t<\/div>\n\t\t<\/div><\/div><div class=\"fusion-fullwidth fullwidth-box\" style=\"background-attachment:scroll;background-position:left top;background-repeat:no-repeat;-webkit-background-size:cover;-moz-background-size:cover;-o-background-size:cover;background-size:cover;border-color:#eae9e9;border-bottom-width: 0px;border-top-width: 0px;border-bottom-style: solid;border-top-style: solid;padding-bottom:120px;padding-left:0px;padding-right:0px;padding-top:120px;\"><div class=\"avada-row\">\n<h3 class=\"h3-center-naslovnica\">Where are we?<\/h3>\n<p><img loading=\"lazy\" decoding=\"async\" class=\"aligncenter size-full wp-image-30\" src=\"https:\/\/villa-zen.net\/wp-content\/uploads\/2015\/04\/separator-3.png\" alt=\"separator-3\" width=\"170\" height=\"14\" \/><div class=\"fusion-sep-clear\"><\/div><div class=\"fusion-separator fusion-full-width-sep sep-none\" style=\"border-color:#e0dede;margin-top:0px;margin-bottom:15px;\"><\/div>\n<p class=\"h3-center-naslovnica\">In the small seaside village called Gr\u0161\u0107ica, situated on the southern side of the island Kor\u010dula. It is 17 km away from Vela Luka and 7 km from Blato.<\/p>\n<\/div><\/div><div class=\"fusion-fullwidth fullwidth-box hundred-percent-fullwidth\" style=\"background-attachment:scroll;background-position:left top;background-repeat:no-repeat;-webkit-background-size:cover;-moz-background-size:cover;-o-background-size:cover;background-size:cover;border-color:#eae9e9;border-bottom-width: 0px;border-top-width: 0px;border-bottom-style: solid;border-top-style: solid;padding-bottom:0px;padding-left:0px;padding-right:0px;padding-top:0px;\"><div class=\"avada-row\"><div class=\"robo-maps-wrap\" data-gmap=\"1\" data-lat=\"42.90785777253177\" data-lng=\"16.771992780268192\" data-zoom=\"15\" data-marker=\"1\" data-caption=\"VILLA IUS \" data-map=\"ROADMAP\" data-scroll=\"1\" data-street=\"1\" data-zoomcontrol=\"1\" data-pan=\"1\" data-mapcontrol=\"1\" data-overview=\"1\" style=\"width: 100%; height: 400px;\" ><\/div><\/div><\/div>\n","protected":false},"excerpt":{"rendered":"","protected":false},"author":1,"featured_media":0,"parent":0,"menu_order":0,"comment_status":"open","ping_status":"open","template":"100-width.php","meta":{"footnotes":""},"class_list":["post-732","page","type-page","status-publish","hentry"],"_links":{"self":[{"href":"https:\/\/villa-zen.net\/hr\/wp-json\/wp\/v2\/pages\/732","targetHints":{"allow":["GET"]}}],"collection":[{"href":"https:\/\/villa-zen.net\/hr\/wp-json\/wp\/v2\/pages"}],"about":[{"href":"https:\/\/villa-zen.net\/hr\/wp-json\/wp\/v2\/types\/page"}],"author":[{"embeddable":true,"href":"https:\/\/villa-zen.net\/hr\/wp-json\/wp\/v2\/users\/1"}],"replies":[{"embeddable":true,"href":"https:\/\/villa-zen.net\/hr\/wp-json\/wp\/v2\/comments?post=732"}],"version-history":[{"count":10,"href":"https:\/\/villa-zen.net\/hr\/wp-json\/wp\/v2\/pages\/732\/revisions"}],"predecessor-version":[{"id":862,"href":"https:\/\/villa-zen.net\/hr\/wp-json\/wp\/v2\/pages\/732\/revisions\/862"}],"wp:attachment":[{"href":"https:\/\/villa-zen.net\/hr\/wp-json\/wp\/v2\/media?parent=732"}],"curies":[{"name":"wp","href":"https:\/\/api.w.org\/{rel}","templated":true}]}}