{"id":728,"date":"2015-04-11T13:07:28","date_gmt":"2015-04-11T13:07:28","guid":{"rendered":"https:\/\/villa-zen.net\/hr\/contact\/"},"modified":"2025-09-22T06:43:17","modified_gmt":"2025-09-22T06:43:17","slug":"kontakt","status":"publish","type":"page","link":"https:\/\/villa-zen.net\/hr\/kontakt\/","title":{"rendered":"Kontakt"},"content":{"rendered":"<div class=\"fusion-fullwidth fullwidth-box\" style=\"background-attachment:scroll;background-position:left top;background-repeat:no-repeat;-webkit-background-size:cover;-moz-background-size:cover;-o-background-size:cover;background-size:cover;border-color:#eae9e9;border-bottom-width: 0px;border-top-width: 0px;border-bottom-style: solid;border-top-style: solid;padding-bottom:60px;padding-left:0px;padding-right:0px;padding-top:0px;\"><div class=\"avada-row\">\n<h3 class=\"h3-center-naslovnica\">Prilikom planiranja svog odmora slobodno nas kontaktirajte putem e-po\u0161te, a mi \u0107emo Vam rado pru\u017eiti sve informacije vezane uz Va\u0161e putovanje.<\/h3>\n<h3 class=\"h3-center-naslovnica\">Kontaktirajte Nas<\/h3>\n<p><img loading=\"lazy\" decoding=\"async\" class=\"aligncenter size-full wp-image-107\" src=\"https:\/\/villa-zen.net\/wp-content\/uploads\/2015\/04\/separator-6.png\" alt=\"separator-6\" width=\"116\" height=\"14\" \/><div class=\"fusion-one-half one_half fusion-layout-column fusion-column spacing-yes\"><div class=\"fusion-column-wrapper\" style=\"padding:60px 0 0 0;\">\n                <div class='gf_browser_gecko gform_wrapper' id='gform_wrapper_1' ><div id='gf_1' class='gform_anchor' tabindex='-1'><\/div><form method='post' enctype='multipart\/form-data' target='gform_ajax_frame_1' id='gform_1'  action='\/hr\/wp-json\/wp\/v2\/pages\/728#gf_1'>\n                        <div class='gform_body'><ul id='gform_fields_1' class='gform_fields top_label form_sublabel_below description_below'><li id='field_1_1'  class='gfield gfield_contains_required field_sublabel_below field_description_below gfield_visibility_visible' ><label class='gfield_label' for='input_1_1' ><span class='gfield_required'>*<\/span><\/label><div class='ginput_container ginput_container_text'><input name='input_1' id='input_1_1' type='text' value='' class='large'    placeholder='First and last name: ' aria-required=\"true\" aria-invalid=\"false\" \/><\/div><\/li><li id='field_1_2'  class='gfield gfield_contains_required field_sublabel_below field_description_below gfield_visibility_visible' ><label class='gfield_label' for='input_1_2' ><span class='gfield_required'>*<\/span><\/label><div class='ginput_container ginput_container_email'>\n                            <input name='input_2' id='input_1_2' type='text' value='' class='large'   placeholder='E-mail: ' aria-required=\"true\" aria-invalid=\"false\" \/>\n                        <\/div><\/li><li id='field_1_3'  class='gfield field_sublabel_below field_description_below gfield_visibility_visible' ><label class='gfield_label' for='input_1_3' ><\/label><div class='ginput_container ginput_container_textarea'><textarea name='input_3' id='input_1_3' class='textarea medium'    placeholder='Question \/ message :'  aria-invalid=\"false\"   rows='10' cols='50'><\/textarea><\/div><\/li>\n                            <\/ul><\/div>\n        <div class='gform_footer top_label'> <input type='submit' id='gform_submit_button_1' class='gform_button button' value='SEND'  onclick='if(window[\"gf_submitting_1\"]){return false;}  window[\"gf_submitting_1\"]=true;  ' onkeypress='if( event.keyCode == 13 ){ if(window[\"gf_submitting_1\"]){return false;} window[\"gf_submitting_1\"]=true;  jQuery(\"#gform_1\").trigger(\"submit\",[true]); }' \/> <input type='hidden' name='gform_ajax' value='form_id=1&amp;title=&amp;description=&amp;tabindex=0' \/>\n            <input type='hidden' class='gform_hidden' name='is_submit_1' value='1' \/>\n            <input type='hidden' class='gform_hidden' name='gform_submit' value='1' \/>\n            \n            <input type='hidden' class='gform_hidden' name='gform_unique_id' value='' \/>\n            <input type='hidden' class='gform_hidden' name='state_1' value='WyJbXSIsIjFhOWU3MmQwMTJmNzc5MjJlZmViNjFhMTliNjNhNmNjIl0=' \/>\n            <input type='hidden' class='gform_hidden' name='gform_target_page_number_1' id='gform_target_page_number_1' value='0' \/>\n            <input type='hidden' class='gform_hidden' name='gform_source_page_number_1' id='gform_source_page_number_1' value='1' \/>\n            <input type='hidden' name='gform_field_values' value='' \/>\n            \n        <\/div>\n                        <\/form>\n                        <\/div>\n                <iframe style='display:none;width:0px;height:0px;' src='about:blank' name='gform_ajax_frame_1' id='gform_ajax_frame_1' title='This iframe contains the logic required to handle Ajax powered Gravity Forms.'><\/iframe>\n                <script type='text\/javascript'>jQuery(document).ready(function($){gformInitSpinner( 1, 'https:\/\/villa-zen.net\/wp-content\/plugins\/gravityforms\/images\/spinner.gif' );jQuery('#gform_ajax_frame_1').on('load',function(){var contents = jQuery(this).contents().find('*').html();var is_postback = contents.indexOf('GF_AJAX_POSTBACK') >= 0;if(!is_postback){return;}var form_content = jQuery(this).contents().find('#gform_wrapper_1');var is_confirmation = jQuery(this).contents().find('#gform_confirmation_wrapper_1').length > 0;var is_redirect = contents.indexOf('gformRedirect(){') >= 0;var is_form = form_content.length > 0 && ! is_redirect && ! is_confirmation;var mt = parseInt(jQuery('html').css('margin-top'), 10) + parseInt(jQuery('body').css('margin-top'), 10) + 100;if(is_form){jQuery('#gform_wrapper_1').html(form_content.html());if(form_content.hasClass('gform_validation_error')){jQuery('#gform_wrapper_1').addClass('gform_validation_error');} else {jQuery('#gform_wrapper_1').removeClass('gform_validation_error');}setTimeout( function() { \/* delay the scroll by 50 milliseconds to fix a bug in chrome *\/ jQuery(document).scrollTop(jQuery('#gform_wrapper_1').offset().top - mt); }, 50 );if(window['gformInitDatepicker']) {gformInitDatepicker();}if(window['gformInitPriceFields']) {gformInitPriceFields();}var current_page = jQuery('#gform_source_page_number_1').val();gformInitSpinner( 1, 'https:\/\/villa-zen.net\/wp-content\/plugins\/gravityforms\/images\/spinner.gif' );jQuery(document).trigger('gform_page_loaded', [1, current_page]);window['gf_submitting_1'] = false;}else if(!is_redirect){var confirmation_content = jQuery(this).contents().find('.GF_AJAX_POSTBACK').html();if(!confirmation_content){confirmation_content = contents;}setTimeout(function(){jQuery('#gform_wrapper_1').replaceWith(confirmation_content);jQuery(document).scrollTop(jQuery('#gf_1').offset().top - mt);jQuery(document).trigger('gform_confirmation_loaded', [1]);window['gf_submitting_1'] = false;}, 50);}else{jQuery('#gform_1').append(contents);if(window['gformRedirect']) {gformRedirect();}}jQuery(document).trigger('gform_post_render', [1, current_page]);} );} );<\/script><script type='text\/javascript'> jQuery(document).bind('gform_post_render', function(event, formId, currentPage){if(formId == 1) {if(typeof Placeholders != 'undefined'){\n                        Placeholders.enable();\n                    }} } );jQuery(document).bind('gform_post_conditional_logic', function(event, formId, fields, isInit){} );<\/script><script type='text\/javascript'> jQuery(document).ready(function(){jQuery(document).trigger('gform_post_render', [1, 1]) } ); <\/script><\/div><\/div><div class=\"fusion-one-half one_half fusion-layout-column fusion-column last spacing-yes\"><div class=\"fusion-column-wrapper\" style=\"padding:60px 0 0 0;\">\n<ul class=\"lista-bullet\">\n<li>Email: villazen.korcula@gmail.com<\/li>\n<li>Mob: 00385 99 5060804<\/li>\n<\/ul>\n<\/div><\/div><div class=\"fusion-clearfix\"><\/div><\/div><\/div><div class=\"fusion-fullwidth fullwidth-box\" style=\"background-attachment:scroll;background-position:left top;background-repeat:no-repeat;-webkit-background-size:cover;-moz-background-size:cover;-o-background-size:cover;background-size:cover;border-color:#eae9e9;border-bottom-width: 0px;border-top-width: 0px;border-bottom-style: solid;border-top-style: solid;padding-bottom:20px;padding-left:0px;padding-right:0px;padding-top:20px;\"><div class=\"avada-row\">\n<h3 class=\"h3-center-naslovnica\">Kako do\u0107i na otok Kor\u010dulu?<\/h3>\n<p><img loading=\"lazy\" decoding=\"async\" class=\"aligncenter size-full wp-image-118\" src=\"https:\/\/villa-zen.net\/wp-content\/uploads\/2015\/04\/separator-7.png\" alt=\"separator-7\" width=\"190\" height=\"14\" srcset=\"https:\/\/villa-zen.net\/wp-content\/uploads\/2015\/04\/separator-7.png 190w, https:\/\/villa-zen.net\/wp-content\/uploads\/2015\/04\/separator-7-180x14.png 180w, https:\/\/villa-zen.net\/wp-content\/uploads\/2015\/04\/separator-7-177x14.png 177w\" sizes=\"auto, (max-width: 190px) 100vw, 190px\" \/><div class=\"fusion-sep-clear\"><\/div><div class=\"fusion-separator fusion-full-width-sep sep-none\" style=\"border-color:#e0dede;margin-top:0px;margin-bottom:25px;\"><\/div><div class=\"fusion-one-half one_half fusion-layout-column fusion-column spacing-yes\"><div class=\"fusion-column-wrapper\">\n<p data-start=\"49\" data-end=\"90\">Do otoka <strong>Kor\u010dule<\/strong> mo\u017eete do\u0107i trajektom:<\/p>\n<ul data-start=\"92\" data-end=\"229\">\n<li data-start=\"92\" data-end=\"118\">\n<p data-start=\"94\" data-end=\"118\">iz <strong>Splita<\/strong> do <strong>Vele Luke<\/strong><\/p>\n<\/li>\n<li data-start=\"119\" data-end=\"159\">\n<p data-start=\"121\" data-end=\"159\">iz <strong>Orebi\u0107a<\/strong> do <strong>Domin\u010da<\/strong> (grad Kor\u010dula)<\/p>\n<\/li>\n<li data-start=\"160\" data-end=\"229\">\n<p data-start=\"162\" data-end=\"229\">iz <strong>Plo\u010da<\/strong> do <strong>Trpnja<\/strong>, a zatim iz <strong>Orebi\u0107a<\/strong> do <strong>Domin\u010da<\/strong> (grad Kor\u010dula).<\/p>\n<\/li>\n<\/ul>\n<p data-start=\"231\" data-end=\"352\">Ako dolazite <strong>avionom<\/strong>, najbli\u017ee zra\u010dne luke su u <strong>Splitu<\/strong> ili <strong>Dubrovniku<\/strong>.<br data-start=\"301\" data-end=\"304\" \/><strong>Split<\/strong> i <strong>Dubrovnik<\/strong> nude vi\u0161e rent-a-car usluga.<\/p>\n<p data-start=\"354\" data-end=\"485\">Ako sletite u zra\u010dnu luku <strong>Split<\/strong>, mo\u017eete autobusom ili taksijem do trajektne luke, a zatim trajektom ili katamaranom do <strong>Vele Luke<\/strong>.<\/p>\n<p data-start=\"487\" data-end=\"619\">Na otoku <strong>Kor\u010duli<\/strong> mogu\u0107e je unajmiti automobil \u2013<br data-start=\"534\" data-end=\"537\" \/><a class=\"decorated-link\" href=\"http:\/\/www.mediterano.hr\/c\/rent_a_car\/\" target=\"_blank\" rel=\"noopener\" data-start=\"537\" data-end=\"617\">http:\/\/www.mediterano.hr\/c\/rent_a_car\/<\/a><\/p>\n<p data-start=\"621\" data-end=\"780\">Ako dolazite avionom u <strong>Dubrovnik<\/strong>, do <strong>Gr\u0161\u0107ice<\/strong> treba oko 3 sata vo\u017enje automobilom preko rute:<br data-start=\"713\" data-end=\"716\" \/>Dubrovnik \u2013 Ston \u2013 Orebi\u0107 \u2013 Domin\u010de\/Kor\u010dula \u2013 Blato \u2013 Gr\u0161\u0107ica.<\/p>\n<\/div><\/div><div class=\"fusion-one-half one_half fusion-layout-column fusion-column last spacing-yes\"><div class=\"fusion-column-wrapper\">\n<p data-start=\"43\" data-end=\"341\">Glavna cesta na otoku Kor\u010duli povezuje dva glavna grada na otoku: Kor\u010dulu i Velu Luku.<br data-start=\"129\" data-end=\"132\" \/>Ako dolazite iz <strong>Vele Luke<\/strong>, trebate pro\u0107i kroz <strong>Blato<\/strong>.<br data-start=\"184\" data-end=\"187\" \/>Nakon \u0161to pro\u0111ete drvored lipa, nakon 200 metara skrenite desno.<br data-start=\"251\" data-end=\"254\" \/>Za dolazak u <strong>Gr\u0161\u0107icu<\/strong> dovoljno je pratiti cestu (Vela Luka \u2013 Blato \u2013 Gr\u0161\u0107ica = 15 km).<\/p>\n<p data-start=\"343\" data-end=\"502\">Ako dolazite iz grada <strong>Kor\u010dule<\/strong>, pratite cestu prema <strong>Blatu<\/strong>.<br data-start=\"400\" data-end=\"403\" \/>Na ulazu u <strong>Blato<\/strong> samo pratite putokaze za <strong>Gr\u0161\u0107icu (Pri\u017eba)<\/strong>, nakon 7 km skrenite desno za Gr\u0161\u0107icu.<\/p>\n<p><strong>Useful links:<\/strong><\/p>\n<ul class=\"lista-bullet\">\n<li><a href=\"http:\/\/www.jadrolinija.hr\/o-nama\/brodovi\/trajekti\" target=\"_blank\" rel=\"noopener\">http:\/\/www.jadrolinija.hr\/o-nama\/brodovi\/trajekti<\/a><\/li>\n<li><a href=\"http:\/\/www.mediterano.hr\/c\/rent_a_car\/?ln=hr\" target=\"_blank\" rel=\"noopener\">http:\/\/www.mediterano.hr\/c\/rent_a_car\/?ln=hr<\/a><\/li>\n<li><a href=\"http:\/\/velalukarent.com\/\" target=\"_blank\" rel=\"noopener\">http:\/\/velalukarent.com\/<\/a><\/li>\n<\/ul>\n<\/div><\/div><div class=\"fusion-clearfix\"><\/div><\/div><\/div><div class=\"fusion-fullwidth fullwidth-box hundred-percent-fullwidth\" style=\"background-attachment:scroll;background-position:left top;background-repeat:no-repeat;-webkit-background-size:cover;-moz-background-size:cover;-o-background-size:cover;background-size:cover;border-color:#eae9e9;border-bottom-width: 0px;border-top-width: 0px;border-bottom-style: solid;border-top-style: solid;padding-bottom:0px;padding-left:0px;padding-right:0px;padding-top:0px;\"><div class=\"avada-row\"><div class=\"robo-maps-wrap\" data-gmap=\"1\" data-lat=\"42.90785777253177\" data-lng=\"16.771992780268192\" data-zoom=\"15\" data-marker=\"1\" data-caption=\"VILLA ZEN \" data-map=\"ROADMAP\" data-scroll=\"1\" data-street=\"1\" data-zoomcontrol=\"1\" data-pan=\"1\" data-mapcontrol=\"1\" data-overview=\"1\" style=\"width: 100%; height: 400px;\" ><\/div><\/div><\/div>\n","protected":false},"excerpt":{"rendered":"","protected":false},"author":1,"featured_media":0,"parent":0,"menu_order":0,"comment_status":"open","ping_status":"open","template":"100-width.php","meta":{"footnotes":""},"class_list":["post-728","page","type-page","status-publish","hentry"],"_links":{"self":[{"href":"https:\/\/villa-zen.net\/hr\/wp-json\/wp\/v2\/pages\/728","targetHints":{"allow":["GET"]}}],"collection":[{"href":"https:\/\/villa-zen.net\/hr\/wp-json\/wp\/v2\/pages"}],"about":[{"href":"https:\/\/villa-zen.net\/hr\/wp-json\/wp\/v2\/types\/page"}],"author":[{"embeddable":true,"href":"https:\/\/villa-zen.net\/hr\/wp-json\/wp\/v2\/users\/1"}],"replies":[{"embeddable":true,"href":"https:\/\/villa-zen.net\/hr\/wp-json\/wp\/v2\/comments?post=728"}],"version-history":[{"count":8,"href":"https:\/\/villa-zen.net\/hr\/wp-json\/wp\/v2\/pages\/728\/revisions"}],"predecessor-version":[{"id":1284,"href":"https:\/\/villa-zen.net\/hr\/wp-json\/wp\/v2\/pages\/728\/revisions\/1284"}],"wp:attachment":[{"href":"https:\/\/villa-zen.net\/hr\/wp-json\/wp\/v2\/media?parent=728"}],"curies":[{"name":"wp","href":"https:\/\/api.w.org\/{rel}","templated":true}]}}