{"id":717,"date":"2015-04-11T13:05:23","date_gmt":"2015-04-11T13:05:23","guid":{"rendered":"https:\/\/villa-zen.net\/hr\/about-us\/"},"modified":"2016-07-20T11:28:37","modified_gmt":"2016-07-20T11:28:37","slug":"o-nama","status":"publish","type":"page","link":"https:\/\/villa-zen.net\/hr\/o-nama\/","title":{"rendered":"O Nama"},"content":{"rendered":"<div class=\"fusion-fullwidth fullwidth-box\" style=\"background-attachment:scroll;background-position:left top;background-repeat:no-repeat;-webkit-background-size:cover;-moz-background-size:cover;-o-background-size:cover;background-size:cover;border-color:#eae9e9;border-bottom-width: 0px;border-top-width: 0px;border-bottom-style: solid;border-top-style: solid;padding-bottom:120px;padding-left:0px;padding-right:0px;padding-top:0px;\"><div class=\"avada-row\">\n<h3 class=\"h3-center-naslovnica\">U vrijeme kad smo prona\u0161li ovaj djeli\u0107 raja, nismo razmi\u0161ljali o bavljenju turizmom. Bilo je to mjesto stvoreno za na\u0161 odmor. No, s vremenom shvatili smo da tu ljepotu treba podijeliti s ljudima koji \u010deznu za mirom, vole prirodu a svoju svakodnevicu \u017eele oplemeniti iskonskom ljepotom.<br \/>\nKor\u010dula je stvorena za to.<\/h3>\n<h3 class=\"h3-center-naslovnica\">O NAMA<\/h3>\n<p><img loading=\"lazy\" decoding=\"async\" class=\"aligncenter size-full wp-image-80\" src=\"https:\/\/villa-zen.net\/wp-content\/uploads\/2015\/04\/separator-4-1.png\" alt=\"separator-4-1\" width=\"127\" height=\"14\" \/><div class=\"fusion-one-half one_half fusion-layout-column fusion-column spacing-yes\"><div class=\"fusion-column-wrapper\" style=\"padding:50px 0 0 0 ;\">\n<p class=\"p-justify\"><strong>Kor\u010dula<\/strong> \u2013 otok druga\u010diji od 1000 hrvatskih bisera (kako nazivaju hrvatske otoke, kojih ima ukupno oko 1000).<br \/>\n<strong>Gr\u0161\u010dica<\/strong> \u2013 ribarska uvala posebnog \u0161arma.<br \/>\n<strong>Villa Zen<\/strong> \u2013 tiha oaza na izdvojenom kraju uvale.<\/p>\n<p class=\"p-justify\">Mi \u017eelimo da se na\u0161i gosti osje\u0107aju ugodno, na raspolaganju smo uta\u017eiti njihovu znati\u017eelju vezanu za otok. Volimo pripremiti zajedni\u010dko dru\u017eenje uz neko od tradicionalnih gurmanskih izazova.<\/p>\n<p class=\"p-justify\">Kao poseban za\u010din u svakom dobrom jelu tako I Villa Zen ima za\u010din koji va\u0161 odmor mo\u017ee u\u010diniti izuzetnim. Ovdje mo\u017eete u\u017eivati u dobrobitima aromaterapije, art terapije, energoterapije jer to je struka va\u0161e doma\u0107ice. Jasna je diplomirala na Penny Price Academy of Aromatherapy. Stalno radi na usavr\u0161avanju i usvajanju novih znanja koja koriste pobolj\u0161anju kvalitete \u017eivljenja.<\/p>\n<\/div><\/div><div class=\"fusion-one-half one_half fusion-layout-column fusion-column last spacing-yes\"><div class=\"fusion-column-wrapper\" style=\"padding:50px 0 0 0 ;\"><img loading=\"lazy\" decoding=\"async\" class=\"aligncenter size-full wp-image-231\" src=\"https:\/\/villa-zen.net\/wp-content\/uploads\/2015\/04\/about_us_mala.jpg\" alt=\"about_us_mala\" width=\"540\" height=\"300\" srcset=\"https:\/\/villa-zen.net\/wp-content\/uploads\/2015\/04\/about_us_mala.jpg 540w, https:\/\/villa-zen.net\/wp-content\/uploads\/2015\/04\/about_us_mala-300x167.jpg 300w\" sizes=\"auto, (max-width: 540px) 100vw, 540px\" \/><\/div><\/div><div class=\"fusion-clearfix\"><\/div><\/div><\/div><div class=\"fusion-fullwidth fullwidth-box\" style=\"background-attachment:fixed;background-image: url(https:\/\/villa-zen.net\/wp-content\/uploads\/2015\/04\/about_us_paralax-1.jpg);background-position:center center;background-repeat:no-repeat;-webkit-background-size:cover;-moz-background-size:cover;-o-background-size:cover;background-size:cover;border-color:#eae9e9;border-bottom-width: 0px;border-top-width: 0px;border-bottom-style: solid;border-top-style: solid;padding-bottom:120px;padding-left:0px;padding-right:0px;padding-top:120px;\"><div class=\"avada-row\">\n<h3 class=\"paralax h3-center-naslovnica\">Na\u0161a misija je \u0161iriti radost i optimizam, a misao vodilja\u2026\u2026. \u017divot ne zna\u010di \u010dekati da oluje pro\u0111u, \u017eivot zna\u010di nau\u010diti kako plesati na ki\u0161i. Ovu tehniku smo, vjerujte, usvojili. \u0160to Villu Zen \u010dini tako posebnom? Te\u0161ko je to re\u0107i. Mo\u017eda bi o tome najbolje govorili gosti koji se vra\u0107aju ve\u0107 godinama.<\/h3>\n<\/div><\/div><div class=\"fusion-fullwidth fullwidth-box\" style=\"background-attachment:scroll;background-position:left top;background-repeat:no-repeat;-webkit-background-size:cover;-moz-background-size:cover;-o-background-size:cover;background-size:cover;border-color:#eae9e9;border-bottom-width: 0px;border-top-width: 0px;border-bottom-style: solid;border-top-style: solid;padding-bottom:120px;padding-left:0px;padding-right:0px;padding-top:120px;\"><div class=\"avada-row\">\n<h3 class=\"h3-center-naslovnica\">Tko \u010dini na\u0161 tim?<\/h3>\n<p><img loading=\"lazy\" decoding=\"async\" class=\"aligncenter size-full wp-image-95\" src=\"https:\/\/villa-zen.net\/wp-content\/uploads\/2015\/04\/separator-5.png\" alt=\"separator-5\" width=\"395\" height=\"14\" srcset=\"https:\/\/villa-zen.net\/wp-content\/uploads\/2015\/04\/separator-5.png 395w, https:\/\/villa-zen.net\/wp-content\/uploads\/2015\/04\/separator-5-300x11.png 300w\" sizes=\"auto, (max-width: 395px) 100vw, 395px\" \/><div class=\"fusion-one-third one_third fusion-layout-column fusion-column spacing-yes\"><div class=\"fusion-column-wrapper\" style=\"padding:35px 0 0 0;\"><div class=\"fusion-person person\"><div class=\"person-desc\"><div class=\"person-author\"><div class=\"person-author-wrapper\"><span class=\"person-name\">Jasna<\/span><span class=\"person-title\"><\/span><\/div><\/div><div class=\"person-content fusion-clearfix\">\n<p class=\"p-justify\">Uvijek prisutna doma\u0107ica. Lako\u0107a i radost \u017eivljenja njen su odabir i moto. Ako trebate masa\u017eu ili terapiju ona \u0107e dati sve od sebe<\/p>\n<\/div><\/div><\/div><\/div><\/div><div class=\"fusion-one-third one_third fusion-layout-column fusion-column spacing-yes\"><div class=\"fusion-column-wrapper\" style=\"padding:35px 0 0 0;\"><div class=\"fusion-person person\"><div class=\"person-desc\"><div class=\"person-author\"><div class=\"person-author-wrapper\"><span class=\"person-name\">Jana<\/span><span class=\"person-title\"><\/span><\/div><\/div><div class=\"person-content fusion-clearfix\">\n<p class=\"p-justify\">Mo\u017eda ne\u0107ete imati sre\u0107e sresti ju u Villi Zen ali njenu kreativnost i dobre vibre osjetit \u0107ete svuda uokolo<\/p>\n<\/div><\/div><\/div><\/div><\/div><div class=\"fusion-one-third one_third fusion-layout-column fusion-column last spacing-yes\"><div class=\"fusion-column-wrapper\" style=\"padding:35px 0 0 0;\"><div class=\"fusion-person person\"><div class=\"person-desc\"><div class=\"person-author\"><div class=\"person-author-wrapper\"><span class=\"person-name\">Vid<\/span><span class=\"person-title\"><\/span><\/div><\/div><div class=\"person-content fusion-clearfix\">\n<p class=\"p-justify\">Ako \u010dujete zvi\u017edukanje i lupkanje, zna\u010di, Vid je u blizini. Uvijek je spreman napraviti neko iznena\u0111enje i zabavu<\/p>\n<\/div><\/div><\/div><\/div><\/div><div class=\"fusion-clearfix\"><\/div><\/div><\/div>\n","protected":false},"excerpt":{"rendered":"","protected":false},"author":1,"featured_media":0,"parent":0,"menu_order":0,"comment_status":"open","ping_status":"closed","template":"100-width.php","meta":{"footnotes":""},"class_list":["post-717","page","type-page","status-publish","hentry"],"_links":{"self":[{"href":"https:\/\/villa-zen.net\/hr\/wp-json\/wp\/v2\/pages\/717","targetHints":{"allow":["GET"]}}],"collection":[{"href":"https:\/\/villa-zen.net\/hr\/wp-json\/wp\/v2\/pages"}],"about":[{"href":"https:\/\/villa-zen.net\/hr\/wp-json\/wp\/v2\/types\/page"}],"author":[{"embeddable":true,"href":"https:\/\/villa-zen.net\/hr\/wp-json\/wp\/v2\/users\/1"}],"replies":[{"embeddable":true,"href":"https:\/\/villa-zen.net\/hr\/wp-json\/wp\/v2\/comments?post=717"}],"version-history":[{"count":8,"href":"https:\/\/villa-zen.net\/hr\/wp-json\/wp\/v2\/pages\/717\/revisions"}],"predecessor-version":[{"id":725,"href":"https:\/\/villa-zen.net\/hr\/wp-json\/wp\/v2\/pages\/717\/revisions\/725"}],"wp:attachment":[{"href":"https:\/\/villa-zen.net\/hr\/wp-json\/wp\/v2\/media?parent=717"}],"curies":[{"name":"wp","href":"https:\/\/api.w.org\/{rel}","templated":true}]}}