{"id":698,"date":"2015-04-15T02:07:57","date_gmt":"2015-04-15T02:07:57","guid":{"rendered":"https:\/\/villa-zen.net\/hr\/apartment-smilje\/"},"modified":"2017-10-28T07:59:56","modified_gmt":"2017-10-28T07:59:56","slug":"apartman-smilje","status":"publish","type":"page","link":"https:\/\/villa-zen.net\/hr\/apartman-smilje\/","title":{"rendered":"Apartman SMILJE"},"content":{"rendered":"<div class=\"fusion-fullwidth fullwidth-box\" style=\"background-attachment:scroll;background-position:left top;background-repeat:no-repeat;-webkit-background-size:cover;-moz-background-size:cover;-o-background-size:cover;background-size:cover;border-color:#eae9e9;border-bottom-width: 0px;border-top-width: 0px;border-bottom-style: solid;border-top-style: solid;padding-bottom:150px;padding-left:0px;padding-right:0px;padding-top:10px;\"><div class=\"avada-row\">\n<h2 style=\"text-align: center;\"><strong>Apartmani<\/strong><\/h2>\n<h3 class=\"linkovi-apartmani\"><a class=\"apartman-link\" href=\"https:\/\/villa-zen.net\/hr\/apartman-lavanda\">Lavanda<\/a> | <a class=\"apartman-link active\" href=\"https:\/\/villa-zen.net\/hr\/apartman-smilje\/\">Smilje<\/a> | <a class=\"apartman-link\" href=\"https:\/\/villa-zen.net\/hr\/apartman-maslina\/\">Maslina<\/a><\/h3>\n<hr style=\"border-color: #696cb3; margin-bottom: 80px; border-top-width: 1px; border-bottom-width: 0px;\" noshade=\"noshade\" \/>\n<h3 class=\"h3-center-naslovnica\">\u017delite li se opustiti, povratiti mir i snagu koje se samo sje\u0107ate? \u017delite li otpustiti stres i disati punim plu\u0107ima? Apartman Smilje je pravi izbor!<\/h3>\n<h3 class=\"h3-center-naslovnica\">Apartman SMILJE<\/h3>\n<p><img loading=\"lazy\" decoding=\"async\" class=\"aligncenter size-full wp-image-178\" src=\"https:\/\/villa-zen.net\/wp-content\/uploads\/2015\/04\/separator-10.png\" alt=\"separator-10\" width=\"300\" height=\"14\" \/><\/p>\n<p class=\"p-center-naslovnica\">apartman za 2-4 osobe<\/p>\n<div class=\"fusion-sep-clear\"><\/div><div class=\"fusion-separator fusion-full-width-sep sep-none\" style=\"border-color:#e0dede;margin-top:0px;margin-bottom:95px;\"><\/div><div class=\"fusion-one-half one_half fusion-layout-column fusion-column spacing-yes\"><div class=\"fusion-column-wrapper\">\n<p class=\"p-justify\">Povr\u0161ina apartmana je 45m2 s gotovo jo\u0161 tolikom terasom. Apartman se sastoji od spava\u0107e sobe s bra\u010dnim krevetom, kupaonice, kuhinje, blagovaone i dnevnog boravka.<\/p>\n<ul class=\"lista-bullet\">\n<li><strong>Kuhinja<\/strong> je opremljena plinskim \u0161tednjakom, fri\u017eiderom s ledenicom. Tu su tako\u0111er kuhalo za vodu, toster, \u0161tapni mikser, aparat za kavu, svo potebno su\u0111e, kuhinjske krpe.<\/li>\n<li>U <strong>Dnevnom boravku<\/strong> je kutna garnitura &#8211; mogu\u0107e le\u017eaj za dvije osobe.<\/li>\n<li><strong>Kupaonica<\/strong> tu\u0161 kabina, wc, umivaonik, ru\u010dnici (ne za pla\u017eu!), poklon paket aromakozmetike.<\/li>\n<li><strong>Spava\u0107a soba<\/strong> s bra\u010dnim krevetom, ormarom I komodom.<\/li>\n<li><strong>Terasa<\/strong> na kojoj se osje\u0107ate kao na kapetanskom mostu. Garnitura za objedovanje na otvorenom, le\u017ealjke za odmor I u\u017eivanje.<\/li>\n<\/ul>\n<\/div><\/div><div class=\"fusion-one-half one_half fusion-layout-column fusion-column last spacing-yes\"><div class=\"fusion-column-wrapper\"><div class=\"fusion-slider-sc flexslider\" style=\"max-width:100%;height:auto;\"><ul class=\"slides\"><li class=\"image\"><img decoding=\"async\" src=\"https:\/\/villa-zen.net\/wp-content\/uploads\/2015\/04\/smilje_01_dsc05628.jpg\" \/><\/li><li class=\"image\"><img decoding=\"async\" src=\"https:\/\/villa-zen.net\/wp-content\/uploads\/2015\/04\/smilje_02_dsc06429.jpg\" \/><\/li><li class=\"image\"><img decoding=\"async\" src=\"https:\/\/villa-zen.net\/wp-content\/uploads\/2015\/04\/smilje_03_dsc05613.jpg\" \/><\/li><li class=\"image\"><img decoding=\"async\" src=\"https:\/\/villa-zen.net\/wp-content\/uploads\/2015\/04\/smilje_04_dsc06396.jpg\" \/><\/li><li class=\"image\"><img decoding=\"async\" src=\"https:\/\/villa-zen.net\/wp-content\/uploads\/2015\/04\/smilje_05_dsc06385.jpg\" \/><\/li><li class=\"image\"><img decoding=\"async\" src=\"https:\/\/villa-zen.net\/wp-content\/uploads\/2015\/04\/smilje_06_dsc06389.jpg\" \/><\/li><li class=\"image\"><img decoding=\"async\" src=\"https:\/\/villa-zen.net\/wp-content\/uploads\/2015\/04\/smilje_07_dsc05609.jpg\" \/><\/li><li class=\"image\"><img decoding=\"async\" src=\"https:\/\/villa-zen.net\/wp-content\/uploads\/2015\/04\/smilje_08_dsc05605.jpg\" \/><\/li><li class=\"image\"><img decoding=\"async\" src=\"https:\/\/villa-zen.net\/wp-content\/uploads\/2015\/04\/smilje_09_dsc06366.jpg\" \/><\/li><li class=\"image\"><img decoding=\"async\" src=\"https:\/\/villa-zen.net\/wp-content\/uploads\/2015\/04\/smilje_10_dsc06370.jpg\" \/><\/li><\/ul><\/div><\/div><\/div><div class=\"fusion-clearfix\"><\/div><div class=\"aligncenter\"><style type=\"text\/css\">#wrapper .fusion-button.button-1{text-shadow:none;-webkit-box-shadow:none;-moz-box-shadow:none;box-shadow: none;border-width:2px;color:#ffffff;border-color:#ffffff;}#wrapper .fusion-button.button-1:hover,.fusion-button.button-1:focus,.fusion-button.button-1:active{border-width:2px;border-color:#696cb3;color:#696cb3;}#wrapper .fusion-button.button-1{background: #696cb3;}#wrapper .fusion-button.button-1:hover,.button-1:focus,.fusion-button.button-1:active{background: #FFFFFF;}<\/style><a class=\"button large button custom fusion-button button-flat button-square button-large button-custom button-1 buttonshadow-no button-naslovnica-1\" target=\"_self\" href=\"https:\/\/villa-zen.net\/kviz\/\"><span class=\"fusion-button-text\">Saznajte vi\u0161e<\/span><\/a><\/div><div class=\"fusion-sep-clear\"><\/div><div class=\"fusion-separator fusion-full-width-sep sep-none\" style=\"border-color:#e0dede;margin-top:0px;margin-bottom:65px;\"><\/div>\n<h3>Cijene<\/h3>\n<p>[dopbsp id=&#8221;8&#8243; lang=&#8221;en&#8221;]<\/p>\n<div><\/div>\n<p class=\"p-center\">Turisti\u010dka taksa je uklju\u010dena u cijenu \/ Nadoplata za psa 370kn\/tjedan<\/p>\n<p class=\"p-center\"><div class=\"fusion-sep-clear\"><\/div><div class=\"fusion-separator fusion-full-width-sep sep-none\" style=\"border-color:#e0dede;margin-top:0px;margin-bottom:100px;\"><\/div><\/div><\/div><div class=\"fusion-fullwidth fullwidth-box\" style=\"background-attachment:fixed;background-image: url(https:\/\/villa-zen.net\/wp-content\/uploads\/2015\/04\/smilje_paralax.jpg);background-position:left top;background-repeat:no-repeat;-webkit-background-size:cover;-moz-background-size:cover;-o-background-size:cover;background-size:cover;border-color:#eae9e9;border-bottom-width: 0px;border-top-width: 0px;border-bottom-style: solid;border-top-style: solid;padding-bottom:120px;padding-left:0px;padding-right:0px;padding-top:96px;\"><div class=\"avada-row\">\n<h3 class=\"h3-center-naslovnica paralax\">Join us at Villa Zen!<\/h3>\n<div class=\"aligncenter\"><style type=\"text\/css\">#wrapper .fusion-button.button-2{text-shadow:none;-webkit-box-shadow:none;-moz-box-shadow:none;box-shadow: none;border-width:2px;color:#ffffff;border-color:#ffffff;}#wrapper .fusion-button.button-2:hover,.fusion-button.button-2:focus,.fusion-button.button-2:active{border-width:2px;border-color:#ffffff;color:#ffffff;}#wrapper .fusion-button.button-2{background: transparent;}#wrapper .fusion-button.button-2:hover,.button-2:focus,.fusion-button.button-2:active{background: #696cb3;}<\/style><a class=\"button large button custom fusion-button button-flat button-square button-large button-custom button-2 buttonshadow-no button-naslovnica-2\" target=\"_self\" href=\"https:\/\/villa-zen.net\/contact\/\"><span class=\"fusion-button-text\">JOIN<\/span><\/a><\/div><\/div><\/div>\n","protected":false},"excerpt":{"rendered":"","protected":false},"author":1,"featured_media":0,"parent":0,"menu_order":0,"comment_status":"open","ping_status":"open","template":"100-width.php","meta":{"footnotes":""},"class_list":["post-698","page","type-page","status-publish","hentry"],"_links":{"self":[{"href":"https:\/\/villa-zen.net\/hr\/wp-json\/wp\/v2\/pages\/698","targetHints":{"allow":["GET"]}}],"collection":[{"href":"https:\/\/villa-zen.net\/hr\/wp-json\/wp\/v2\/pages"}],"about":[{"href":"https:\/\/villa-zen.net\/hr\/wp-json\/wp\/v2\/types\/page"}],"author":[{"embeddable":true,"href":"https:\/\/villa-zen.net\/hr\/wp-json\/wp\/v2\/users\/1"}],"replies":[{"embeddable":true,"href":"https:\/\/villa-zen.net\/hr\/wp-json\/wp\/v2\/comments?post=698"}],"version-history":[{"count":7,"href":"https:\/\/villa-zen.net\/hr\/wp-json\/wp\/v2\/pages\/698\/revisions"}],"predecessor-version":[{"id":1164,"href":"https:\/\/villa-zen.net\/hr\/wp-json\/wp\/v2\/pages\/698\/revisions\/1164"}],"wp:attachment":[{"href":"https:\/\/villa-zen.net\/hr\/wp-json\/wp\/v2\/media?parent=698"}],"curies":[{"name":"wp","href":"https:\/\/api.w.org\/{rel}","templated":true}]}}