{"id":678,"date":"2015-04-11T13:06:07","date_gmt":"2015-04-11T13:06:07","guid":{"rendered":"https:\/\/villa-zen.net\/hr\/apartments\/"},"modified":"2019-01-26T12:03:06","modified_gmt":"2019-01-26T12:03:06","slug":"apartmani","status":"publish","type":"page","link":"https:\/\/villa-zen.net\/hr\/apartmani\/","title":{"rendered":"Apartmani"},"content":{"rendered":"<div class=\"fusion-fullwidth fullwidth-box\" style=\"background-attachment:scroll;background-position:left top;background-repeat:no-repeat;-webkit-background-size:cover;-moz-background-size:cover;-o-background-size:cover;background-size:cover;border-color:#eae9e9;border-bottom-width: 0px;border-top-width: 0px;border-bottom-style: solid;border-top-style: solid;padding-bottom:80px;padding-left:0px;padding-right:0px;padding-top:20px;\"><div class=\"avada-row\">\n<h3 class=\"h3-center-naslovnica\">Apartmani<\/h3>\n<p><img loading=\"lazy\" decoding=\"async\" class=\"aligncenter size-full wp-image-152\" src=\"https:\/\/villa-zen.net\/wp-content\/uploads\/2015\/04\/separator-8.png\" alt=\"separator-8\" width=\"130\" height=\"14\" \/><div class=\"fusion-sep-clear\"><\/div><div class=\"fusion-separator fusion-full-width-sep sep-none\" style=\"border-color:#e0dede;margin-top:0px;margin-bottom:15px;\"><\/div>\n<h3 class=\"h3-center-naslovnica\">Apartman\u00a0<strong>Lavanda<\/strong>, <strong>Smilje<\/strong> (Immortelle) i\u00a0<strong>Maslina<\/strong> (Olive tree)<\/h3>\n<div class=\"fusion-sep-clear\"><\/div><div class=\"fusion-separator fusion-full-width-sep sep-none\" style=\"border-color:#e0dede;margin-top:0px;margin-bottom:35px;\"><\/div><div class=\"fusion-recent-posts avada-container layout-default layout-columns-3\"><section class=\"fusion-columns columns fusion-columns-3 columns-3\" style=\"width:100%;\"><div class=\"row holder\"><div class=\"fusion-column column col col-lg-4 col-md-4 col-sm-4\"><div class=\"fusion-flexslider flexslider\"><ul class=\"slides\"><li><a href=\"https:\/\/villa-zen.net\/hr\/apartman-lavanda\/\"><img decoding=\"async\" src=\"https:\/\/villa-zen.net\/wp-content\/uploads\/2015\/04\/mastalavanda-700x441.jpeg\" alt=\"ma\u0161ta(lavanda)\"\/><\/a><\/li><\/ul><\/div><div class=\"recent-posts-content\"><span class=\"vcard\" style=\"display: none;\"><span class=\"fn\"><a href=\"https:\/\/villa-zen.net\/hr\/author\/villazen\/\" title=\"Objave od: villazen\" rel=\"author\">villazen<\/a><\/span><\/span><span class=\"updated\" style=\"display:none;\">2016-07-22T13:33:07+00:00<\/span><h4 class=\"entry-title\"><a href=\"https:\/\/villa-zen.net\/hr\/apartman-lavanda\/\">Apartman LAVANDA<\/a><\/h4><p class=\"meta\"><span><span class=\"date\">15 travnja, 2015<\/span><\/span><span class=\"meta-separator\">|<\/span><span><span>Komentari isklju\u010deni<span class=\"screen-reader-text\"> za Apartman LAVANDA<\/span><\/span><\/span><\/p><p><p class=\"excerpt-apartman\">\u017delite li se opustiti, povratiti mir i snagu koje se samo sje\u0107ate? \u017delite li otpustiti stres i disati punim plu\u0107ima? Apartman Lavanda je pravi izbor!<br \/>\r\nPovr\u0161ina apartmana je 45m2 s gotovo jo\u0161 tolikom terasom. Apartman se sastoji od spava\u0107e sobe s bra\u010dnim krevetom, kupaonice, kuhinje, blagovaone i dnevnog boravka.<\/p>\r\n<p><br\/><\/br><br \/>\r\n<a href=\"https:\/\/villa-zen.net\/hr\/apartman-lavanda\" class=\"read-more\">Saznajte vi\u0161e...<\/a><\/p>\r\n<\/p><\/div><\/div><div class=\"fusion-column column col col-lg-4 col-md-4 col-sm-4\"><div class=\"fusion-flexslider flexslider\"><ul class=\"slides\"><li><a href=\"https:\/\/villa-zen.net\/hr\/apartman-smilje\/\"><img decoding=\"async\" src=\"https:\/\/villa-zen.net\/wp-content\/uploads\/2015\/04\/smilje_velika-700x441.jpg\" alt=\"smilje_velika\"\/><\/a><\/li><\/ul><\/div><div class=\"recent-posts-content\"><span class=\"vcard\" style=\"display: none;\"><span class=\"fn\"><a href=\"https:\/\/villa-zen.net\/hr\/author\/villazen\/\" title=\"Objave od: villazen\" rel=\"author\">villazen<\/a><\/span><\/span><span class=\"updated\" style=\"display:none;\">2016-07-20T08:51:26+00:00<\/span><h4 class=\"entry-title\"><a href=\"https:\/\/villa-zen.net\/hr\/apartman-smilje\/\">Apartman SMILJE<\/a><\/h4><p class=\"meta\"><span><span class=\"date\">15 travnja, 2015<\/span><\/span><span class=\"meta-separator\">|<\/span><span><span>Komentari isklju\u010deni<span class=\"screen-reader-text\"> za Apartman SMILJE<\/span><\/span><\/span><\/p><p><p class=\"excerpt-apartman\">Povr\u0161ina apartmana je 45m2 s gotovo jo\u0161 tolikom terasom. Apartman se sastoji od spava\u0107e sobe s bra\u010dnim krevetom, kupaonice, kuhinje, blagovaone i dnevnog boravka.\r\nKuhinja je opremljena plinskim \u0161tednjakom, fri\u017eiderom s ledenicom. Tu su tako\u0111er kuhalo za vodu, toster, \u0161tapni mikser, aparat za kavu, svo potebno su\u0111e, kuhinjske krpe.\r\n<\/p>\r\n<br\/><\/br>\r\n<a href=\" https:\/\/villa-zen.net\/hr\/apartman-smilje\/\" class=\"read-more\">Saznajte vi\u0161e...<\/a><\/p><\/div><\/div><div class=\"fusion-column column col col-lg-4 col-md-4 col-sm-4\"><div class=\"fusion-flexslider flexslider\"><ul class=\"slides\"><li><a href=\"https:\/\/villa-zen.net\/hr\/apartman-maslina\/\"><img decoding=\"async\" src=\"https:\/\/villa-zen.net\/wp-content\/uploads\/2015\/04\/snovi_velika-1-700x441.jpg\" alt=\"snovi_velika (1)\"\/><\/a><\/li><\/ul><\/div><div class=\"recent-posts-content\"><span class=\"vcard\" style=\"display: none;\"><span class=\"fn\"><a href=\"https:\/\/villa-zen.net\/hr\/author\/villazen\/\" title=\"Objave od: villazen\" rel=\"author\">villazen<\/a><\/span><\/span><span class=\"updated\" style=\"display:none;\">2019-01-26T11:20:46+00:00<\/span><h4 class=\"entry-title\"><a href=\"https:\/\/villa-zen.net\/hr\/apartman-maslina\/\">Apartman MASLINA<\/a><\/h4><p class=\"meta\"><span><span class=\"date\">15 travnja, 2015<\/span><\/span><span class=\"meta-separator\">|<\/span><span><span>Komentari isklju\u010deni<span class=\"screen-reader-text\"> za Apartman MASLINA<\/span><\/span><\/span><\/p><p><p class=\"excerpt-apartman\">Povr\u0161ina apartmana je 35m2 s gotovo jo\u0161 20m2 terasom. Apartman se sastoji od spava\u0107e sobe s bra\u010dnim krevetom, kupaonice, kuhinje, blagovaone i dnevnog boravka.\r\nKuhinja je opremljena plinskim \u0161tednjakom, fri\u017eiderom s ledenicom. Tu su tako\u0111er kuhalo za vodu, toster, \u0161tapni mikser, aparat za kavu, svo potebno su\u0111e, kuhinjske krpe.\r\n<\/p>\r\n<br\/><\/br>\r\n<a href=\"https:\/\/villa-zen.net\/hr\/apartman-maslina\/\" class=\"read-more\">Saznajte vi\u0161e...<\/a><\/p><\/div><\/div><div class=\"fusion-clearfix\"><\/div><\/div><\/section><\/div><div class=\"fusion-sep-clear\"><\/div><div class=\"fusion-separator fusion-full-width-sep sep-none\" style=\"border-color:#e0dede;margin-top:0px;margin-bottom:45px;\"><\/div>\n<h3 class=\"h3-center-naslovnica\">Po \u010demu se izdvajamo?<\/h3>\n<p><img loading=\"lazy\" decoding=\"async\" class=\"aligncenter size-full wp-image-154\" src=\"https:\/\/villa-zen.net\/wp-content\/uploads\/2015\/04\/separator-9.png\" alt=\"separator-9\" width=\"290\" height=\"14\" \/><div class=\"fusion-sep-clear\"><\/div><div class=\"fusion-separator fusion-full-width-sep sep-none\" style=\"border-color:#e0dede;margin-top:0px;margin-bottom:15px;\"><\/div><div class=\"fusion-one-half one_half fusion-layout-column fusion-column spacing-yes\"><div class=\"fusion-column-wrapper\">\n<ul class=\"lista-bullet\">\n<li>Na samoj obali tirkizno bistrog mora<\/li>\n<li>Svaki apartman ima vlastitu veliku terasu s pogledom na more<\/li>\n<li>Izdvojeni od sela, a opet blizu<\/li>\n<li>Pla\u017ea ispred ku\u0107e (za goste Ville Zen)<\/li>\n<\/ul>\n<\/div><\/div><div class=\"fusion-one-half one_half fusion-layout-column fusion-column last spacing-yes\"><div class=\"fusion-column-wrapper\">\n<ul class=\"lista-bullet\">\n<li>Wellnespoint (razne kombinacije masa\u017ea, eteri\u010dnih ulja, energoterapije, art terapije, kreirane individualno za svaku osobu, coaching i savjetovanja&#8230;)<\/li>\n<li>Mogu\u0107nost najma kajaka<\/li>\n<li>Vez za \u010damac<\/li>\n<li>NEMAMO TV<\/li>\n<li>NEMAMO BAZEN<\/li>\n<\/ul>\n<\/div><\/div><div class=\"fusion-clearfix\"><\/div><div class=\"fusion-one-half one_half fusion-layout-column fusion-column spacing-yes\"><div class=\"fusion-column-wrapper\">\n<p class=\"p-justify\">Svi apartmani su istog sadr\u017eaja. Kuhinja, blagovaona I boravak s posebnom spava\u0107om sobom I kupaonom te velikom terasom. Svaki apartman ima zaseban ulaz. Misao vodilja u gradnji ku\u0107e I opremanju apartmana bila je \u2026.. \u017eivot u skladu s prirodom. Ku\u0107a je gra\u0111ena kamenom u duhu starih dalmatinskih ku\u0107a. Zidovi su debeli I dobro izolirani tako da nije potreban klima ure\u0111aj. Za najvru\u0107ijih dana dovoljno je uklju\u010diti stropni ventilator. Izobilje sun\u010danih sati iskoristili smo za grijanje vode.Obzirom da je aromaterapija na\u0161 odabir i na\u0161a strast, u kupaoni vas do\u010dekuje komplet aromakozmetike.<\/p>\n<\/div><\/div><div class=\"fusion-one-half one_half fusion-layout-column fusion-column last spacing-yes\"><div class=\"fusion-column-wrapper\">\n<p class=\"p-justify\">U Villi Zen sve je podre\u0111eno radosti i lako\u0107i \u017eivljenja. Za po\u010detak, parkirali\u0161no mjesto vas \u010deka u dvori\u0161tu. Od pla\u017ee vas dijeli samo dvadesetak do pedesetak stepenica. Na terasi i pla\u017ei le\u017ealjke za odmor, a vanjski tu\u0161 u neposrednoj blizini pla\u017ee. Ako volite koristiti za\u010dinsko bilje u pripremanju jela, mo\u017eete ih na\u0107i uz svaki apartman. Mirisno, \u0161to volimo mirisno. Za ljubitelje ro\u0161tilja\/gradela\/BBCa komin \u010deka na neodoljivoj terasi. Za na\u0161e najmla\u0111e goste dje\u010dji kreveti\u0107 pripremljen u trenu. Da, naravno, \u017eivjeti u skladu s prirodom, no prihva\u0107amo tekovine tehni\u010dke civilizacije koje olak\u0161avaju \u017eivot, povezuju nas i inforniraju I zato imamo free WiFi, a password vas \u010deka.<\/p>\n<\/div><\/div><div class=\"fusion-clearfix\"><\/div><\/div><\/div><div class=\"fusion-fullwidth fullwidth-box\" style=\"background-attachment:fixed;background-image: url(https:\/\/villa-zen.net\/wp-content\/uploads\/2015\/04\/apartments_paralax.jpg);background-position:left top;background-repeat:no-repeat;-webkit-background-size:cover;-moz-background-size:cover;-o-background-size:cover;background-size:cover;border-color:#eae9e9;border-bottom-width: 0px;border-top-width: 0px;border-bottom-style: solid;border-top-style: solid;padding-bottom:80px;padding-left:0px;padding-right:0px;padding-top:80px;\"><div class=\"avada-row\"><div class=\"fusion-testimonials classic fusion-testimonials-1 apartmani-testimonials\"><style type='text\/css'>\n\t\t#fusion-testimonials-1 a{border-color: #ffffff;}#fusion-testimonials-1 a:hover, #fusion-testimonials-1 .activeSlide{background-color: #ffffff;}\n\t\t.fusion-testimonials.classic.fusion-testimonials-1 .author:after{border-top-color:transparent !important;}<\/style><div class=\"reviews\"><div class=\"review no-avatar\"><blockquote><q style=\"background-color:transparent;color:#ffffff;\">The apartment is beautiful and well decorated. The location is great &#8211; just in front of the sea, with its own small bay etc\u2026. But the main \u201cattraction\u201d of the place is its host \u2013 Jasna. Booking this apartment we have seen the photo of her diploma in aromatherapy but haven\u2019t paid much attention to it, considering that our host has a hobby :) When we come we\u2019ve met a great person \u2013 experienced psychologist with deep knowledge of different practices and tehnics and aromatherapy is just one of a range. Always upright carriage, an ocean of calmness inside, kindness and warm light in her eyes. Also, even if you don\u2019t rent an apartment don\u2019t miss an opportunity to experience of the massages what Jasna can make. It\u2019s really easy to find her \u2013 this is the last house in the village Grscica in the direction to Karbuni.<\/q><\/blockquote><div class=\"author\" style=\"color:#ffffff;\"><span class=\"company-name\"><strong>Oleg, Moscow<\/strong><\/span><\/div><\/div><div class=\"review no-avatar\"><blockquote><q style=\"background-color:transparent;color:#ffffff;\"><em>Great People , great place.<\/em><br \/>\nIt is a really nice and quiet place for resting with the family, after few days you become like member of the owner&#8217;s family. The place is bit separated from the village which gives you some privacy, but if you want, it is 3 minutes walking and you are in the taverna and very small harbor. Small shop is 5 minutes car drive, bigger one is 15-20 minutes. On the place, if you want, you can have aromatherapy and massage &#8211; professionally done by the owner &#8211; that is paid additionally &#8211; but really worth trying. Very nice people, warm water, lot of sun, nothing more needed for a relaxing holiday. The place gives you good vibes for the rest of the year&#8230;<\/q><\/blockquote><div class=\"author\" style=\"color:#ffffff;\"><span class=\"company-name\"><strong>Marek, Warsaw<\/strong><\/span><\/div><\/div><div class=\"review no-avatar\"><blockquote><q style=\"background-color:transparent;color:#ffffff;\">To je ono \u0161to nam treba! :) A tek spavanje na terasi pod zvijezdama-neprocijenjivo!!!! :DD<\/q><\/blockquote><div class=\"author\" style=\"color:#ffffff;\"><span class=\"company-name\"><strong>Andrea, Zagreb<\/strong><\/span><\/div><\/div><div class=\"review no-avatar\"><blockquote><q style=\"background-color:transparent;color:#ffffff;\">Coment for the sea infront the house\u2026\u2026\u2026\u2026\u2026.. &#8220;this is like milion diamond shine in front my eyes&#8221;<\/q><\/blockquote><div class=\"author\" style=\"color:#ffffff;\"><span class=\"company-name\"><strong>Andreas, Germany<\/strong><\/span><\/div><\/div><\/div><\/div><\/div><\/div>\n","protected":false},"excerpt":{"rendered":"","protected":false},"author":1,"featured_media":0,"parent":0,"menu_order":0,"comment_status":"open","ping_status":"open","template":"100-width.php","meta":{"footnotes":""},"class_list":["post-678","page","type-page","status-publish","hentry"],"_links":{"self":[{"href":"https:\/\/villa-zen.net\/hr\/wp-json\/wp\/v2\/pages\/678","targetHints":{"allow":["GET"]}}],"collection":[{"href":"https:\/\/villa-zen.net\/hr\/wp-json\/wp\/v2\/pages"}],"about":[{"href":"https:\/\/villa-zen.net\/hr\/wp-json\/wp\/v2\/types\/page"}],"author":[{"embeddable":true,"href":"https:\/\/villa-zen.net\/hr\/wp-json\/wp\/v2\/users\/1"}],"replies":[{"embeddable":true,"href":"https:\/\/villa-zen.net\/hr\/wp-json\/wp\/v2\/comments?post=678"}],"version-history":[{"count":14,"href":"https:\/\/villa-zen.net\/hr\/wp-json\/wp\/v2\/pages\/678\/revisions"}],"predecessor-version":[{"id":1225,"href":"https:\/\/villa-zen.net\/hr\/wp-json\/wp\/v2\/pages\/678\/revisions\/1225"}],"wp:attachment":[{"href":"https:\/\/villa-zen.net\/hr\/wp-json\/wp\/v2\/media?parent=678"}],"curies":[{"name":"wp","href":"https:\/\/api.w.org\/{rel}","templated":true}]}}